{"id":286,"date":"2016-10-31T13:17:59","date_gmt":"2016-10-31T16:17:59","guid":{"rendered":"https:\/\/ifdiess-cba.infd.edu.ar\/sitio\/?page_id=286"},"modified":"2023-03-22T22:43:54","modified_gmt":"2023-03-23T01:43:54","slug":"inicio","status":"publish","type":"page","link":"https:\/\/ifdiess-cba.infd.edu.ar\/sitio\/","title":{"rendered":"Inicio"},"content":{"rendered":"<h1 style=\"text-align: center;\"><span style=\"color: #3e748e; font-family: arial, helvetica, sans-serif; font-size: 14pt;\">Instituto de Formaci\u00f3n Docente del IESS<\/span><\/h1>\n<p><span style=\"font-family: arial, helvetica, sans-serif;\"><span style=\"font-size: 10pt; color: black;\">E<\/span><span style=\"font-size: 10pt; color: black;\">ste Instituto de Formaci\u00f3n Docente conforma el nivel superior del <a title=\"Instituto de Ense\u00f1anza Secundaria y Superior\" href=\"http:\/\/iess-vcp.edu.ar\/\" target=\"_blank\" rel=\"noopener\">Instituto de Ense\u00f1anza Secundaria y Superior de Villa Carlos Paz<\/a>, instituci\u00f3n de larga trayectoria que diera inicio en el a\u00f1o 1951 con el nacimiento de la primer escuela secundaria de la ciudad.\u00a0\u00a0<\/span><\/span><span style=\"font-size: 10pt; color: black; font-family: arial, helvetica, sans-serif;\">Forma parte del \u00a0sistema de educaci\u00f3n p\u00fablica de gesti\u00f3n privada.<\/span> <span style=\"font-size: 10pt; color: black; font-family: arial, helvetica, sans-serif;\">A trav\u00e9s de este sitio en Internet, se dar\u00e1n a conocer novedades, informaci\u00f3n y se compartir\u00e1n experiencias a los alumnos, docentes e interesados en formar parte de esta comunidad educativa.\u00a0<\/span> <span style=\"font-size: 10pt; color: black; font-family: arial, helvetica, sans-serif;\">Tambi\u00e9n integra la <strong><em>Red\u00a0Virtual de Institutos Superiores de Formaci\u00f3n Docente<\/em><\/strong>\u00a0coordinada por el <strong>INFD<\/strong> (Instituto Nacional de Formaci\u00f3n Docente) dependiente del Ministerio de Educaci\u00f3n de la Naci\u00f3n Argentina.<\/span><\/p>\n<p>&nbsp;<\/p>\n<p>&nbsp;<\/p>\n<p><a href=\"https:\/\/iess-vcp.edu.ar\/ifdocente\"><img decoding=\"async\" loading=\"lazy\" class=\"aligncenter wp-image-1156\" src=\"https:\/\/ifdiess-cba.infd.edu.ar\/sitio\/wp-content\/uploads\/2023\/03\/Pioneras-Rebeldes-500x500.jpeg\" alt=\"\" width=\"393\" height=\"393\" \/><\/a><\/p>\n<h3>\u00a0<\/h3>\n<hr \/>\n<p class=\"rtecenter\" style=\"text-align: center;\"><span style=\"color: #008000;\">Por consultas, telef\u00f3nicamente\u00a0 de 18:00 a 20:00 hs.<\/span><\/p>\n<p class=\"rtecenter\" style=\"text-align: center;\"><span style=\"color: #008000;\">o por whatsapp a los siguientes celulares:<\/span><\/p>\n<p class=\"rtecenter\" style=\"text-align: center;\"><span style=\"color: #008000;\">&#8211;\u00a0 IFD \u2013 IESS: 3541331458<\/span><\/p>\n<p class=\"rtecenter\" style=\"text-align: center;\"><span style=\"color: #008000;\">&#8211; Director: 3517663683<\/span><\/p>\n<p class=\"rtecenter\" style=\"text-align: center;\"><span style=\"color: #008000;\">&#8211;\u00a0 Secretario: 3513744206<\/span><\/p>\n<p class=\"rtecenter\" style=\"text-align: center;\"><span style=\"color: #008000;\"><strong>Seguiremos informando las novedades por nuestros medios digitales.<\/strong><\/span><\/p>\n","protected":false},"excerpt":{"rendered":"<p>Instituto de Formaci\u00f3n Docente del IESS Este Instituto de Formaci\u00f3n Docente conforma el nivel superior del Instituto de Ense\u00f1anza Secundaria y Superior de Villa Carlos Paz, instituci\u00f3n de larga trayectoria que diera inicio en el a\u00f1o 1951 con el nacimiento de la primer escuela secundaria de la ciudad.\u00a0\u00a0Forma parte del \u00a0sistema de educaci\u00f3n p\u00fablica de &#8230; <a title=\"Inicio\" class=\"read-more\" href=\"https:\/\/ifdiess-cba.infd.edu.ar\/sitio\/\" aria-label=\"More on Inicio\">[+]<\/a><\/p>\n","protected":false},"author":1,"featured_media":0,"parent":0,"menu_order":0,"comment_status":"closed","ping_status":"closed","template":"","meta":[],"acf":[],"_links":{"self":[{"href":"https:\/\/ifdiess-cba.infd.edu.ar\/sitio\/wp-json\/wp\/v2\/pages\/286"}],"collection":[{"href":"https:\/\/ifdiess-cba.infd.edu.ar\/sitio\/wp-json\/wp\/v2\/pages"}],"about":[{"href":"https:\/\/ifdiess-cba.infd.edu.ar\/sitio\/wp-json\/wp\/v2\/types\/page"}],"author":[{"embeddable":true,"href":"https:\/\/ifdiess-cba.infd.edu.ar\/sitio\/wp-json\/wp\/v2\/users\/1"}],"replies":[{"embeddable":true,"href":"https:\/\/ifdiess-cba.infd.edu.ar\/sitio\/wp-json\/wp\/v2\/comments?post=286"}],"version-history":[{"count":180,"href":"https:\/\/ifdiess-cba.infd.edu.ar\/sitio\/wp-json\/wp\/v2\/pages\/286\/revisions"}],"predecessor-version":[{"id":1162,"href":"https:\/\/ifdiess-cba.infd.edu.ar\/sitio\/wp-json\/wp\/v2\/pages\/286\/revisions\/1162"}],"wp:attachment":[{"href":"https:\/\/ifdiess-cba.infd.edu.ar\/sitio\/wp-json\/wp\/v2\/media?parent=286"}],"curies":[{"name":"wp","href":"https:\/\/api.w.org\/{rel}","templated":true}]}}