{"id":759,"date":"2018-08-30T15:37:56","date_gmt":"2018-08-30T18:37:56","guid":{"rendered":"https:\/\/ifdiess-cba.infd.edu.ar\/sitio\/el-instituto\/"},"modified":"2019-04-16T17:35:56","modified_gmt":"2019-04-16T20:35:56","slug":"el-instituto","status":"publish","type":"page","link":"https:\/\/ifdiess-cba.infd.edu.ar\/sitio\/el-instituto\/","title":{"rendered":"El Instituto"},"content":{"rendered":"<p><span style=\"font-family: verdana,geneva; font-size: 12pt;\"><span style=\"font-size: 12pt;\"><span style=\"font-family: verdana,geneva; font-size: 10pt;\"><img decoding=\"async\" loading=\"lazy\" class=\" wp-image-806 alignleft\" src=\"https:\/\/ifdiess-cba.infd.edu.ar\/sitio\/wp-content\/uploads\/2018\/09\/logoiess2.png\" alt=\"\" width=\"61\" height=\"78\" \/><\/span><\/span><\/span><\/p>\n<p><span style=\"font-weight: 400;\"><strong>El Instituto de ense\u00f1anza secundaria (IESS) de Villa Carlos Paz<\/strong> es una instituci\u00f3n laica, p\u00fablica de gesti\u00f3n privada, que depende directamente del Ministerio de Educaci\u00f3n (<strong>DGIPE)<\/strong>. Posee el 100% de aportes estatales para el pago de salarios docentes en la mayor\u00eda de los cargos. <\/span><\/p>\n<p><span style=\"font-weight: 400;\">Los aranceles, calculados estrictamente para el mantenimiento de las instalaciones, hacen posible que la instituci\u00f3n ofrezca educaci\u00f3n en los diferentes niveles a una franja amplia de la poblaci\u00f3n, sin distinci\u00f3n de nivel socio econ\u00f3mico. <\/span><\/p>\n<p><span style=\"font-weight: 400;\">Para trabajar como docente del <strong>IESS<\/strong> se accede por concurso de antecedentes y oposici\u00f3n. Del mismo modo, para el acceso a cargos directivos entre quienes aspiren a ascensos en el escalaf\u00f3n.<\/span><\/p>\n<p><span style=\"font-weight: 400;\">El rasgo que caracteriza al <strong>IESS<\/strong> e impregna a todas sus escuelas, consiste en dar el primer paso en aquello que, desde el punto de vista educativo, se requiere en la comunidad para una mejor educaci\u00f3n. Es por ello que el <strong>IESS<\/strong> fue la primera escuela secundaria de la ciudad, la primera y \u00fanica Escuela Normal, con sus escuelas de Aplicaci\u00f3n; y tambi\u00e9n la primera instituci\u00f3n que asume la responsabilidad de abrir una escuela secundaria nocturna para adultos y una escuela t\u00e9cnica de artes y oficios.<\/span><\/p>\n<p><span style=\"font-weight: 400;\">El estilo del <strong>IESS<\/strong> hace que cada generaci\u00f3n de docentes se inscriba en su trayectoria de vanguardia pedag\u00f3gica que tiene ya 60 a\u00f1os.<\/span><\/p>\n<p>El\u00a0<strong>IFD del IESS<\/strong>, ex Escuela Normal Nacional, ofrece a la comunidad tres carreras de Formaci\u00f3n Docente:<\/p>\n<ul>\n<li><strong>Profesorado de\u00a0Educaci\u00f3n Inicial\u00a0<\/strong><\/li>\n<li><strong>Profesorado de Educaci\u00f3n Primaria <\/strong><\/li>\n<li><strong>Profesorado de Educaci\u00f3n Secundario en Lengua y Literatura<\/strong><\/li>\n<\/ul>\n<p>Durante cada ciclo lectivo \u00a0se vincula a las escuelas de la ciudad a trav\u00e9s de las Pr\u00e1cticas Docentes y de \u00a0diversas actividades de extensi\u00f3n e investigaci\u00f3n.<\/p>\n<p>En todas las escuelas de nivel Inicial, Primario y Medio de la Ciudad de Villa Carlos Paz y poblaciones vecinas, de gesti\u00f3n estatal y de gesti\u00f3n privada, encontramos docentes egresados del\u00a0<strong>IFD del IESS.<\/strong><\/p>\n<p>El <strong>IFD\u00a0del\u00a0\u00a0IESS<\/strong> es la \u00fanica instituci\u00f3n formadora de docentes en la Ciudad de Villa Carlos Paz y la regi\u00f3n: Malague\u00f1o, San Nicol\u00e1s, San Antonio, Comunas del Sur, Tanti, Parque Siquiman, etc<\/p>\n<p style=\"text-align: center;\"><strong>Zona de Influencia<\/strong><\/p>\n<p style=\"text-align: center;\"><span style=\"font-family: verdana,geneva;\"><img decoding=\"async\" title=\"Mapa de Villa Carlos Paz y zona de influencia del IFD del IESS\" src=\"https:\/\/ifdiess-cba.infd.edu.ar\/sitio\/wp-content\/uploads\/2018\/08\/mapa_vcp_y_alrededores.jpg\" alt=\"Mapa de Villa Carlos Paz y zona de influencia del IFD del IESS\" border=\"0\" \/><\/span><\/p>\n","protected":false},"excerpt":{"rendered":"<p>El Instituto de ense\u00f1anza secundaria (IESS) de Villa Carlos Paz es una instituci\u00f3n laica, p\u00fablica de gesti\u00f3n privada, que depende directamente del Ministerio de Educaci\u00f3n (DGIPE). Posee el 100% de aportes estatales para el pago de salarios docentes en la mayor\u00eda de los cargos. Los aranceles, calculados estrictamente para el mantenimiento de las instalaciones, hacen &#8230; <a title=\"El Instituto\" class=\"read-more\" href=\"https:\/\/ifdiess-cba.infd.edu.ar\/sitio\/el-instituto\/\" aria-label=\"More on El Instituto\">[+]<\/a><\/p>\n","protected":false},"author":13,"featured_media":0,"parent":0,"menu_order":0,"comment_status":"closed","ping_status":"closed","template":"","meta":[],"acf":[],"_links":{"self":[{"href":"https:\/\/ifdiess-cba.infd.edu.ar\/sitio\/wp-json\/wp\/v2\/pages\/759"}],"collection":[{"href":"https:\/\/ifdiess-cba.infd.edu.ar\/sitio\/wp-json\/wp\/v2\/pages"}],"about":[{"href":"https:\/\/ifdiess-cba.infd.edu.ar\/sitio\/wp-json\/wp\/v2\/types\/page"}],"author":[{"embeddable":true,"href":"https:\/\/ifdiess-cba.infd.edu.ar\/sitio\/wp-json\/wp\/v2\/users\/13"}],"replies":[{"embeddable":true,"href":"https:\/\/ifdiess-cba.infd.edu.ar\/sitio\/wp-json\/wp\/v2\/comments?post=759"}],"version-history":[{"count":5,"href":"https:\/\/ifdiess-cba.infd.edu.ar\/sitio\/wp-json\/wp\/v2\/pages\/759\/revisions"}],"predecessor-version":[{"id":966,"href":"https:\/\/ifdiess-cba.infd.edu.ar\/sitio\/wp-json\/wp\/v2\/pages\/759\/revisions\/966"}],"wp:attachment":[{"href":"https:\/\/ifdiess-cba.infd.edu.ar\/sitio\/wp-json\/wp\/v2\/media?parent=759"}],"curies":[{"name":"wp","href":"https:\/\/api.w.org\/{rel}","templated":true}]}}