{"id":763,"date":"2018-08-30T15:37:57","date_gmt":"2018-08-30T18:37:57","guid":{"rendered":"https:\/\/ifdiess-cba.infd.edu.ar\/sitio\/profesorado-de-educacion-inicial\/"},"modified":"2018-09-26T09:07:03","modified_gmt":"2018-09-26T12:07:03","slug":"profesorado-de-educacion-inicial","status":"publish","type":"page","link":"https:\/\/ifdiess-cba.infd.edu.ar\/sitio\/profesorado-de-educacion-inicial\/","title":{"rendered":"Profesorado de Educaci\u00f3n Inicial"},"content":{"rendered":"<h1><span style=\"color: #008000;\"><strong>Profesorado de Educaci\u00f3n Inicial<\/strong><\/span><\/h1>\n<p><span style=\"font-family: arial, helvetica, sans-serif; font-size: 12pt;\">Entendemos a la educaci\u00f3n y a la escuela como herramientas de transformaci\u00f3n social y, al <strong><em>oficio de ense\u00f1ar<\/em><\/strong>,\u00a0 como una operaci\u00f3n milenaria que conecta a los viejos con los nuevos. Sin esa relaci\u00f3n \u2013dice Estanislao Antelo- no hay humanidad. El profesorado de Educaci\u00f3n Inicial se inscribe en ese horizonte.<\/span><\/p>\n<p><span style=\"font-family: arial, helvetica, sans-serif; font-size: 12pt;\">Los profesores y profesoras de Educaci\u00f3n Inicial poseen la solvencia pedag\u00f3gica y disciplinar que les permite permanecer atentos, no s\u00f3lo a su \u201ctiempo\u201d, sino tambi\u00e9n a los cambios y transformaciones que exige el oficio en las <strong>instituciones educativas dedicadas a la educaci\u00f3n de primera infancia<\/strong>. Imaginamos docentes sensibles al mundo y, fundamentalmente, a la relaci\u00f3n entre infancias, familia y escuela.<\/span><\/p>\n<p><span style=\"font-family: arial, helvetica, sans-serif; font-size: 12pt;\">Los profesoras y profesoras de Educaci\u00f3n Inicial est\u00e1n capacitados\/as para <strong>ense\u00f1ar<\/strong> en el Nivel Inicial en todas sus modalidades. El Nivel Inicial constituye una unidad pedag\u00f3gica que abarca a las ni\u00f1as y los ni\u00f1os <strong>desde los cuarenta y cinco d\u00edas hasta los cinco a\u00f1os cumplidos. <\/strong>Toda actividad educativa dedicada a los ni\u00f1as y ni\u00f1as comprendidos en esta franja, estar\u00e1 a cargo de Profesoras y Profesores de Educaci\u00f3n Inicial en su <strong>posici\u00f3n de ense\u00f1antes.<\/strong><\/span><\/p>\n<p><span style=\"font-family: arial, helvetica, sans-serif; font-size: 12pt;\">Desde este IFD se viene trabajando sostenidamente, desde hace a\u00f1os, en la formaci\u00f3n de docentes de Educaci\u00f3n Inicial con capacidad para interrogar pr\u00e1cticas de \u201cinfantilizaci\u00f3n\u201d y estereotipos arraigados, por parte de los adultos que est\u00e1n a cargo de la educaci\u00f3n de la primera infancia.<\/span><\/p>\n<p><span style=\"font-family: arial, helvetica, sans-serif; font-size: 12pt;\">La relaci\u00f3n de los docentes con los campos de producci\u00f3n del saber constituye, en este IFD, una tarea insoslayable. En tal sentido, nuestros docentes incorporan esta conducta de pensamiento cr\u00edtico y de identidad intelectual, especialmente, en las \u00e1reas del conocimiento que vinculan las formas de transmisi\u00f3n de la cultura desde edades tempranas en \u00e1mbitos formales y no formales.<\/span><\/p>\n","protected":false},"excerpt":{"rendered":"<p>Profesorado de Educaci\u00f3n Inicial Entendemos a la educaci\u00f3n y a la escuela como herramientas de transformaci\u00f3n social y, al oficio de ense\u00f1ar,\u00a0 como una operaci\u00f3n milenaria que conecta a los viejos con los nuevos. Sin esa relaci\u00f3n \u2013dice Estanislao Antelo- no hay humanidad. El profesorado de Educaci\u00f3n Inicial se inscribe en ese horizonte. Los profesores &#8230; <a title=\"Profesorado de Educaci\u00f3n Inicial\" class=\"read-more\" href=\"https:\/\/ifdiess-cba.infd.edu.ar\/sitio\/profesorado-de-educacion-inicial\/\" aria-label=\"More on Profesorado de Educaci\u00f3n Inicial\">[+]<\/a><\/p>\n","protected":false},"author":13,"featured_media":0,"parent":0,"menu_order":0,"comment_status":"closed","ping_status":"closed","template":"","meta":[],"acf":[],"_links":{"self":[{"href":"https:\/\/ifdiess-cba.infd.edu.ar\/sitio\/wp-json\/wp\/v2\/pages\/763"}],"collection":[{"href":"https:\/\/ifdiess-cba.infd.edu.ar\/sitio\/wp-json\/wp\/v2\/pages"}],"about":[{"href":"https:\/\/ifdiess-cba.infd.edu.ar\/sitio\/wp-json\/wp\/v2\/types\/page"}],"author":[{"embeddable":true,"href":"https:\/\/ifdiess-cba.infd.edu.ar\/sitio\/wp-json\/wp\/v2\/users\/13"}],"replies":[{"embeddable":true,"href":"https:\/\/ifdiess-cba.infd.edu.ar\/sitio\/wp-json\/wp\/v2\/comments?post=763"}],"version-history":[{"count":1,"href":"https:\/\/ifdiess-cba.infd.edu.ar\/sitio\/wp-json\/wp\/v2\/pages\/763\/revisions"}],"predecessor-version":[{"id":871,"href":"https:\/\/ifdiess-cba.infd.edu.ar\/sitio\/wp-json\/wp\/v2\/pages\/763\/revisions\/871"}],"wp:attachment":[{"href":"https:\/\/ifdiess-cba.infd.edu.ar\/sitio\/wp-json\/wp\/v2\/media?parent=763"}],"curies":[{"name":"wp","href":"https:\/\/api.w.org\/{rel}","templated":true}]}}