{"id":767,"date":"2018-08-30T15:37:59","date_gmt":"2018-08-30T18:37:59","guid":{"rendered":"https:\/\/ifdiess-cba.infd.edu.ar\/sitio\/informacion-para-alumnos\/"},"modified":"2018-11-28T19:42:07","modified_gmt":"2018-11-28T22:42:07","slug":"informacion-para-alumnos","status":"publish","type":"page","link":"https:\/\/ifdiess-cba.infd.edu.ar\/sitio\/informacion-para-alumnos\/","title":{"rendered":"Informaci\u00f3n para alumnos"},"content":{"rendered":"<p><span style=\"font-family: arial, helvetica, sans-serif; font-size: 8pt;\">[1] Resoluci\u00f3n N\u00ba 412\/10 &#8211; Reglamento Acad\u00e9mico Marco<\/span><span style=\"font-family: arial, helvetica, sans-serif; font-size: 8pt;\">[2] Resoluci\u00f3n Interna 2\/15<\/span><\/p>\n<table style=\"width: 100%;\" border=\"0\">\n<tbody>\n<tr>\n<td colspan=\"2\">\n<h1 style=\"margin-top: 0px; margin-bottom: 0px; padding-bottom: 0px;\"><span style=\"color: #008000; font-family: arial, helvetica, sans-serif;\">Reglamento<\/span><\/h1>\n<\/td>\n<\/tr>\n<tr>\n<td colspan=\"2\"><span style=\"font-family: arial, helvetica, sans-serif; font-size: 10pt;\">\u201cEl acceso a los estudios de Nivel Superior, tal como lo establece la Resol. 72\/08 Anexo II del Consejo Federal de Educaci\u00f3n, propender\u00e1 a garantizar los principios de ingreso directo, la no discriminaci\u00f3n, la igualdad de oportunidades y un nuevo reparto de responsabilidades inherentes al proceso formativo que vincula a formadores y estudiantes, en el marco de los actuales procesos de democratizaci\u00f3n y profesionalizaci\u00f3n de la Educaci\u00f3n Superior.\u201d [1]<\/span><\/td>\n<\/tr>\n<tr>\n<td colspan=\"2\"><\/td>\n<\/tr>\n<tr>\n<td colspan=\"2\">\n<h2 style=\"margin-top: 0px; margin-bottom: 0px; padding-bottom: 0px;\"><span style=\"color: #008000;\">Requisitos de matriculaci\u00f3n al Nivel Superior<\/span><\/h2>\n<\/td>\n<\/tr>\n<tr>\n<td width=\"30%\">\n<div style=\"text-align: center;\"><img decoding=\"async\" loading=\"lazy\" src=\"https:\/\/ifdiess-cba.infd.edu.ar\/sitio\/wp-content\/uploads\/2018\/08\/estudiante_1.jpg\" alt=\"estudiante\" width=\"183\" height=\"122\" border=\"0\" \/><\/div>\n<\/td>\n<td>\n<ul>\n<li><span style=\"font-family: arial, helvetica, sans-serif; font-size: 10pt;\">2 fotos carnet (4&#215;4)<\/span><\/li>\n<li><span style=\"font-family: arial, helvetica, sans-serif; font-size: 10pt;\">Fotocopia de partida de nacimiento (autenticada)<\/span><\/li>\n<li><span style=\"font-family: arial, helvetica, sans-serif; font-size: 10pt;\">Fotocopia de DNI<\/span><\/li>\n<li><span style=\"font-family: arial, helvetica, sans-serif; font-size: 10pt;\">Fotocopia de anal\u00edtico o constancia de certificado de estudios en tr\u00e1mite (<span style=\"text-decoration: underline;\">sin adecuaciones curriculares<\/span>)<\/span><\/li>\n<li><a href=\"https:\/\/ifdiess-cba.infd.edu.ar\/sitio\/wp-content\/uploads\/2018\/09\/PSICOFISICO.pdf\" target=\"_blank\" rel=\"noopener\"><span style=\"font-family: arial, helvetica, sans-serif; font-size: 10pt;\">Ficha m\u00e9dica de salud<\/span><\/a><\/li>\n<li><span style=\"font-family: arial, helvetica, sans-serif; font-size: 10pt;\">Inscripci\u00f3n anual por Unidad\u00a0y\/o Espacio Curricular<\/span><\/li>\n<li><span style=\"font-family: arial, helvetica, sans-serif; font-size: 10pt;\">Abono de matr\u00edcula<\/span><\/li>\n<li><span style=\"font-family: arial, helvetica, sans-serif; font-size: 10pt;\">Firma de contrato<\/span><\/li>\n<\/ul>\n<\/td>\n<\/tr>\n<tr style=\"background-color: #deb887;\" valign=\"top\">\n<td style=\"text-align: center;\" colspan=\"2\"><span style=\"font-family: arial, helvetica, sans-serif; font-size: 10pt;\">La ficha m\u00e9dica de salud deber\u00e1 estar firmada y sellada por profesional m\u00e9dico matriculado.<\/span><\/td>\n<\/tr>\n<tr>\n<td colspan=\"2\"><\/td>\n<\/tr>\n<tr>\n<td colspan=\"2\">\n<h2 style=\"margin-top: 0px; margin-bottom: 0px; padding-bottom: 0px;\"><span style=\"font-family: arial, helvetica, sans-serif; color: #008000;\">Condici\u00f3n de estudiante<\/span><\/h2>\n<\/td>\n<\/tr>\n<tr>\n<td colspan=\"2\">\n<ul>\n<li><span style=\"font-family: arial, helvetica, sans-serif; font-size: 10pt;\">Regular (en asignaturas, seminarios y talleres)<\/span><\/li>\n<li><span style=\"font-family: arial, helvetica, sans-serif; font-size: 10pt;\">Libre (s\u00f3lo en asignaturas)<\/span><\/li>\n<li><span style=\"font-family: arial, helvetica, sans-serif; font-size: 10pt;\">Recursante<\/span><\/li>\n<\/ul>\n<\/td>\n<\/tr>\n<tr style=\"background-color: #deb887;\" valign=\"top\">\n<td style=\"text-align: center;\" colspan=\"2\"><span style=\"font-family: arial, helvetica, sans-serif; font-size: 10pt;\">Para mayor informaci\u00f3n sobre asignaturas, seminarios y talleres consultar el plan de estudios de la carrera correspondiente.<\/span><\/td>\n<\/tr>\n<tr>\n<td colspan=\"2\"><\/td>\n<\/tr>\n<tr>\n<td colspan=\"2\">\n<h2 style=\"margin-top: 0px; margin-bottom: 0px; padding-bottom: 0px;\"><span style=\"color: #008000;\">Sistema de evaluaci\u00f3n y acreditaci\u00f3n de las UC y\/o EC<\/span><\/h2>\n<\/td>\n<\/tr>\n<\/tbody>\n<tbody>\n<tr>\n<td style=\"text-align: center;\">\n<h2><span style=\"font-family: arial, helvetica, sans-serif; color: #008000;\"><strong>Asignaturas<\/strong><\/span><\/h2>\n<\/td>\n<td style=\"text-align: center;\">\n<h2><span style=\"font-family: arial, helvetica, sans-serif; color: #008000;\"><strong>Seminarios y Talleres<\/strong><\/span><\/h2>\n<\/td>\n<\/tr>\n<tr>\n<td>\n<ul>\n<li><span style=\"font-family: arial, helvetica, sans-serif; font-size: 10pt;\">Aprobaci\u00f3n de todas las instancias evaluativas (nota de aprobaci\u00f3n: 4)<\/span><\/li>\n<li><span style=\"font-family: arial, helvetica, sans-serif; font-size: 10pt;\">Se pueden recuperar una sola vez todas las instancias (caso contrario debe recursar o rendir como estudiante libre).<\/span><\/li>\n<li><span style=\"font-family: arial, helvetica, sans-serif; font-size: 10pt;\"><strong><span style=\"text-decoration: underline;\">Promoci\u00f3n directa<\/span> <\/strong>con una <em>instancia de integraci\u00f3n final <\/em>(se aprueba con 7). Cada instancia previa debe haber sido aprobada con 7 o m\u00e1s puntos y contar con asistencia m\u00ednima entre 65-70%.<\/span><\/li>\n<li><span style=\"font-family: arial, helvetica, sans-serif; font-size: 10pt;\"><strong><span style=\"text-decoration: underline;\">Regularizaci\u00f3n<\/span><\/strong> con una <em>instancia de integraci\u00f3n final <\/em>aprobada (con 7 turnos consecutivos para aprobar la asignatura)<\/span><\/li>\n<\/ul>\n<\/td>\n<td>\n<ul>\n<li><span style=\"font-family: arial, helvetica, sans-serif; font-size: 10pt;\">Aprobaci\u00f3n de todas las instancias evaluativas (nota de aprobaci\u00f3n: 7)<\/span><\/li>\n<li><span style=\"font-family: arial, helvetica, sans-serif; font-size: 10pt;\">Se pueden recuperar una sola vez todas las instancias (caso contrario debe recursar).<\/span><\/li>\n<li><span style=\"font-family: arial, helvetica, sans-serif; font-size: 10pt;\"><strong><span style=\"text-decoration: underline;\">Promoci\u00f3n directa<\/span><\/strong> con una <em>instancia de integraci\u00f3n final <\/em>(se aprueba con 7). Cada instancia debe haber sido aprobada con 7 o m\u00e1s puntos y contar con\u00a0asistencia de 75 %.<\/span><\/li>\n<li><span style=\"font-family: arial, helvetica, sans-serif; font-size: 10pt;\"><strong><span style=\"text-decoration: underline;\">Regularizaci\u00f3n<\/span><\/strong> con una <em>instancia de integraci\u00f3n final <\/em>aprobada con 4 (con\u00a02 turnos consecutivos para aprobar el seminario o taller)<\/span><\/li>\n<\/ul>\n<\/td>\n<\/tr>\n<tr>\n<td colspan=\"2\">\n<h2 style=\"display: inline !important; text-align: center;\"><span style=\"font-family: arial, helvetica, sans-serif;\"><strong><span style=\"color: #008000;\">R\u00e9gimen de Cursado Condicional<\/span> <\/strong>[2]<\/span><\/h2>\n<p style=\"display: inline !important;\"><span style=\"font-family: arial, helvetica, sans-serif;\">\u00a0<\/span><\/p>\n<ul>\n<li><span style=\"font-family: arial, helvetica, sans-serif; font-size: 10pt;\">Podr\u00e1n cursarse en forma condicional asignaturas y seminarios correlativos a otros espacios curriculares cuya regularidad o aprobaci\u00f3n se requiera previamente.<\/span><\/li>\n<li><span style=\"font-family: arial, helvetica, sans-serif; font-size: 10pt;\">No se podr\u00e1 acceder a la promoci\u00f3n de una asignatura cursada en forma condicional. Solo podr\u00e1 regularizarse y rendirse en un examen ante tribunal.<\/span><\/li>\n<li><span style=\"font-family: arial, helvetica, sans-serif; font-size: 10pt;\">La p\u00e9rdida de regularidad de una asignatura o seminario de los cuales la asignatura cursada en forma condicional es correlativa implica la p\u00e9rdida de la regularidad de la asignatura cursada en forma condicional.<\/span><\/li>\n<li><span style=\"font-family: arial, helvetica, sans-serif; font-size: 10pt;\">No podr\u00e1 rendirse el examen final una asignatura regularizada en forma condicional si previamente no se aprueban o regularizan (seg\u00fan requerimientos del sistema de correlatividades) los espacios curriculares de los cuales la asignatura cursada en forma condicional es correlativa.<\/span><\/li>\n<li><span style=\"font-family: arial, helvetica, sans-serif; font-size: 10pt;\">No podr\u00e1 rendirse coloquio \u2013y por lo tanto se quedar\u00e1 en condici\u00f3n de libre- el seminario cursado en forma condicional si no se regulariza o aprueba (seg\u00fan requerimientos del sistema de correlatividades), en los turnos de diciembre y febrero pr\u00f3ximos, los espacios curriculares de los cuales el seminario cursado en forma condicional es correlativo.\u00a0<\/span><\/li>\n<\/ul>\n<\/td>\n<\/tr>\n<\/tbody>\n<\/table>\n","protected":false},"excerpt":{"rendered":"<p>[1] Resoluci\u00f3n N\u00ba 412\/10 &#8211; Reglamento Acad\u00e9mico Marco[2] Resoluci\u00f3n Interna 2\/15 Reglamento \u201cEl acceso a los estudios de Nivel Superior, tal como lo establece la Resol. 72\/08 Anexo II del Consejo Federal de Educaci\u00f3n, propender\u00e1 a garantizar los principios de ingreso directo, la no discriminaci\u00f3n, la igualdad de oportunidades y un nuevo reparto de responsabilidades &#8230; <a title=\"Informaci\u00f3n para alumnos\" class=\"read-more\" href=\"https:\/\/ifdiess-cba.infd.edu.ar\/sitio\/informacion-para-alumnos\/\" aria-label=\"More on Informaci\u00f3n para alumnos\">[+]<\/a><\/p>\n","protected":false},"author":13,"featured_media":0,"parent":0,"menu_order":0,"comment_status":"closed","ping_status":"closed","template":"","meta":[],"acf":[],"_links":{"self":[{"href":"https:\/\/ifdiess-cba.infd.edu.ar\/sitio\/wp-json\/wp\/v2\/pages\/767"}],"collection":[{"href":"https:\/\/ifdiess-cba.infd.edu.ar\/sitio\/wp-json\/wp\/v2\/pages"}],"about":[{"href":"https:\/\/ifdiess-cba.infd.edu.ar\/sitio\/wp-json\/wp\/v2\/types\/page"}],"author":[{"embeddable":true,"href":"https:\/\/ifdiess-cba.infd.edu.ar\/sitio\/wp-json\/wp\/v2\/users\/13"}],"replies":[{"embeddable":true,"href":"https:\/\/ifdiess-cba.infd.edu.ar\/sitio\/wp-json\/wp\/v2\/comments?post=767"}],"version-history":[{"count":5,"href":"https:\/\/ifdiess-cba.infd.edu.ar\/sitio\/wp-json\/wp\/v2\/pages\/767\/revisions"}],"predecessor-version":[{"id":946,"href":"https:\/\/ifdiess-cba.infd.edu.ar\/sitio\/wp-json\/wp\/v2\/pages\/767\/revisions\/946"}],"wp:attachment":[{"href":"https:\/\/ifdiess-cba.infd.edu.ar\/sitio\/wp-json\/wp\/v2\/media?parent=767"}],"curies":[{"name":"wp","href":"https:\/\/api.w.org\/{rel}","templated":true}]}}