{"id":787,"date":"2018-08-30T15:38:06","date_gmt":"2018-08-30T18:38:06","guid":{"rendered":"https:\/\/ifdiess-cba.infd.edu.ar\/sitio\/datos-institucionales\/"},"modified":"2018-09-05T21:27:26","modified_gmt":"2018-09-06T00:27:26","slug":"datos-institucionales","status":"publish","type":"page","link":"https:\/\/ifdiess-cba.infd.edu.ar\/sitio\/datos-institucionales\/","title":{"rendered":"Datos institucionales"},"content":{"rendered":"<p><span style=\"font-family: verdana; font-size: 10pt;\"><span style=\"font-family: verdana; font-size: 10pt;\"><img decoding=\"async\" loading=\"lazy\" class=\"size-full wp-image-806 alignleft\" src=\"https:\/\/ifdiess-cba.infd.edu.ar\/sitio\/wp-content\/uploads\/2018\/09\/logoiess2.png\" alt=\"\" width=\"50\" height=\"64\" \/>\u00a0<span style=\"font-size: 12pt;\"><strong><span style=\"font-family: verdana;\">Instituto de Formaci\u00f3n Docente del Instituto de Ense\u00f1anza Secundaria y Superior<\/span><\/strong><\/span><\/span><\/span><\/p>\n<p>&nbsp;<\/p>\n<p>&nbsp;<\/p>\n<ul>\n<li><span style=\"font-family: verdana; font-size: 10pt;\"><span style=\"font-family: verdana; font-size: 10pt;\"><span style=\"font-family: verdana; font-size: 10pt;\">Horario de atenci\u00f3n: de lunes a viernes de 19 a 21 horas<\/span><\/span><\/span><\/li>\n<li><span style=\"font-family: verdana; font-size: 10pt;\">Direcci\u00f3n: Sol\u00eds 283 &#8211; (CP 5152) Villa Carlos Paz &#8211; C\u00f3rdoba<\/span><\/li>\n<li><span style=\"font-family: verdana; font-size: 10pt;\">Tel\u00e9fono: 03541-421606 (internos 117 y 123)<\/span><\/li>\n<li><span style=\"font-family: verdana; font-size: 10pt;\">Fax: 03541-431848<\/span><\/li>\n<li><span style=\"font-family: verdana; font-size: 10pt;\">E-mail de consultas: <a href=\"mailto:secretariaifd@iess-vcp.edu.ar\">secretariaifd@iess-vcp.edu.ar<\/a><\/span><\/li>\n<li><span style=\"font-family: verdana; font-size: 10pt;\">URL: <a href=\"http:\/\/ifdiess.cba.infd.edu.ar\">http:\/\/ifdiess.cba.infd.edu.ar<\/a>\u00a0 \u00a0o\u00a0<\/span><span style=\"font-family: verdana; font-size: 10pt;\">\u00a0<\/span><a style=\"font-family: verdana; font-size: 10pt;\" title=\"http:\/\/iess-vcp.com.ar\/ifdocente\" href=\"http:\/\/iess-vcp.edu.ar\/ifdocente\">http:\/\/iess-vcp.edu.ar\/ifdocente<\/a><\/li>\n<\/ul>\n<p style=\"text-align: center;\"><span style=\"font-family: verdana;\"><span style=\"font-size: 13.3333px;\">\u00a0<iframe loading=\"lazy\" style=\"border: 0;\" src=\"https:\/\/www.google.com\/maps\/embed?pb=!1m14!1m8!1m3!1d3404.947967551309!2d-64.49452197906561!3d-31.41555963461885!3m2!1i1024!2i768!4f13.1!3m3!1m2!1s0x942d6640d6777c71%3A0xcfc72fe92ba8249b!2sInstituto+de+Ense%C3%B1anza+Secundaria+y+Superior!5e0!3m2!1ses!2sar!4v1536193180895\" width=\"600\" height=\"450\" frameborder=\"0\" allowfullscreen=\"allowfullscreen\"><\/iframe><\/span><\/span><\/p>\n","protected":false},"excerpt":{"rendered":"<p>\u00a0Instituto de Formaci\u00f3n Docente del Instituto de Ense\u00f1anza Secundaria y Superior &nbsp; &nbsp; Horario de atenci\u00f3n: de lunes a viernes de 19 a 21 horas Direcci\u00f3n: Sol\u00eds 283 &#8211; (CP 5152) Villa Carlos Paz &#8211; C\u00f3rdoba Tel\u00e9fono: 03541-421606 (internos 117 y 123) Fax: 03541-431848 E-mail de consultas: secretariaifd@iess-vcp.edu.ar URL: http:\/\/ifdiess.cba.infd.edu.ar\u00a0 \u00a0o\u00a0\u00a0http:\/\/iess-vcp.edu.ar\/ifdocente \u00a0<\/p>\n","protected":false},"author":13,"featured_media":0,"parent":0,"menu_order":0,"comment_status":"closed","ping_status":"closed","template":"","meta":[],"acf":[],"_links":{"self":[{"href":"https:\/\/ifdiess-cba.infd.edu.ar\/sitio\/wp-json\/wp\/v2\/pages\/787"}],"collection":[{"href":"https:\/\/ifdiess-cba.infd.edu.ar\/sitio\/wp-json\/wp\/v2\/pages"}],"about":[{"href":"https:\/\/ifdiess-cba.infd.edu.ar\/sitio\/wp-json\/wp\/v2\/types\/page"}],"author":[{"embeddable":true,"href":"https:\/\/ifdiess-cba.infd.edu.ar\/sitio\/wp-json\/wp\/v2\/users\/13"}],"replies":[{"embeddable":true,"href":"https:\/\/ifdiess-cba.infd.edu.ar\/sitio\/wp-json\/wp\/v2\/comments?post=787"}],"version-history":[{"count":2,"href":"https:\/\/ifdiess-cba.infd.edu.ar\/sitio\/wp-json\/wp\/v2\/pages\/787\/revisions"}],"predecessor-version":[{"id":812,"href":"https:\/\/ifdiess-cba.infd.edu.ar\/sitio\/wp-json\/wp\/v2\/pages\/787\/revisions\/812"}],"wp:attachment":[{"href":"https:\/\/ifdiess-cba.infd.edu.ar\/sitio\/wp-json\/wp\/v2\/media?parent=787"}],"curies":[{"name":"wp","href":"https:\/\/api.w.org\/{rel}","templated":true}]}}