{"id":797,"date":"2018-08-30T15:38:10","date_gmt":"2018-08-30T18:38:10","guid":{"rendered":"https:\/\/ifdiess-cba.infd.edu.ar\/sitio\/ubicacion\/"},"modified":"2018-09-05T21:35:35","modified_gmt":"2018-09-06T00:35:35","slug":"ubicacion","status":"publish","type":"page","link":"https:\/\/ifdiess-cba.infd.edu.ar\/sitio\/ubicacion\/","title":{"rendered":"Ubicaci\u00f3n"},"content":{"rendered":"<h1 style=\"text-align: center;\"><span style=\"font-family: arial, helvetica, sans-serif; color: #008000;\"><strong>Instituto de Formaci\u00f3n Docente del IESS<\/strong><\/span><\/h1>\n<p style=\"text-align: center;\"><span style=\"font-family: arial, helvetica, sans-serif; font-size: 12pt;\">Sol\u00eds 283 &#8211; (CP X5152LFE) Villa Carlos Paz &#8211; C\u00f3rdoba<\/span><\/p>\n<p>&nbsp;<\/p>\n<p style=\"text-align: center;\"><iframe loading=\"lazy\" src=\"https:\/\/www.google.com\/maps\/embed?pb=!1m14!1m8!1m3!1d3404.925033731505!2d-64.49428625476718!3d-31.41619146874302!3m2!1i1024!2i768!4f13.1!3m3!1m2!1s0x942d6640d6777c71%3A0xcfc72fe92ba8249b!2sInstituto+de+Ense%C3%B1anza+Secundaria+y+Superior!5e0!3m2!1ses!2sar!4v1536194102619\" width=\"600\" height=\"450\" frameborder=\"0\" style=\"border:0\" allowfullscreen><\/iframe><br \/>\n<small><a style=\"color: #0000ff; text-align: left;\" href=\"http:\/\/maps.google.com.ar\/maps?t=h&amp;vpsrc=6&amp;msa=0&amp;msid=206377119174697384206.0004ac75cfb048d17e178&amp;ie=UTF8&amp;ll=-31.41482,-64.488856&amp;spn=0.004377,0.006856&amp;z=17&amp;source=embed&amp;wmode=transparent\">Ver mapa m\u00e1s grande<\/a><\/small><\/p>\n<p><iframe loading=\"lazy\" style=\"border: 0px; display: block; margin-left: auto; margin-right: auto;\" src=\"https:\/\/www.google.com\/maps\/embed?pb=!1m0!3m2!1ses-419!2sar!4v1458741379526!6m8!1m7!1si2uawgNOeEUir-7WmU_OfQ!2m2!1d-31.41450556117275!2d-64.49064513322307!3f31.270299839967784!4f-6.926289336184453!5f0.7820865974627469\" width=\"410\" height=\"308\" frameborder=\"0\" allowfullscreen=\"allowfullscreen\"><\/iframe><\/p>\n","protected":false},"excerpt":{"rendered":"<p>Instituto de Formaci\u00f3n Docente del IESS Sol\u00eds 283 &#8211; (CP X5152LFE) Villa Carlos Paz &#8211; C\u00f3rdoba &nbsp; Ver mapa m\u00e1s grande<\/p>\n","protected":false},"author":13,"featured_media":0,"parent":0,"menu_order":0,"comment_status":"closed","ping_status":"closed","template":"","meta":[],"acf":[],"_links":{"self":[{"href":"https:\/\/ifdiess-cba.infd.edu.ar\/sitio\/wp-json\/wp\/v2\/pages\/797"}],"collection":[{"href":"https:\/\/ifdiess-cba.infd.edu.ar\/sitio\/wp-json\/wp\/v2\/pages"}],"about":[{"href":"https:\/\/ifdiess-cba.infd.edu.ar\/sitio\/wp-json\/wp\/v2\/types\/page"}],"author":[{"embeddable":true,"href":"https:\/\/ifdiess-cba.infd.edu.ar\/sitio\/wp-json\/wp\/v2\/users\/13"}],"replies":[{"embeddable":true,"href":"https:\/\/ifdiess-cba.infd.edu.ar\/sitio\/wp-json\/wp\/v2\/comments?post=797"}],"version-history":[{"count":2,"href":"https:\/\/ifdiess-cba.infd.edu.ar\/sitio\/wp-json\/wp\/v2\/pages\/797\/revisions"}],"predecessor-version":[{"id":815,"href":"https:\/\/ifdiess-cba.infd.edu.ar\/sitio\/wp-json\/wp\/v2\/pages\/797\/revisions\/815"}],"wp:attachment":[{"href":"https:\/\/ifdiess-cba.infd.edu.ar\/sitio\/wp-json\/wp\/v2\/media?parent=797"}],"curies":[{"name":"wp","href":"https:\/\/api.w.org\/{rel}","templated":true}]}}